{"id":9,"date":"2019-02-11T13:18:03","date_gmt":"2019-02-11T13:18:03","guid":{"rendered":"http:\/\/new.specialeimoveis.com.br\/?page_id=9"},"modified":"2023-11-10T22:21:30","modified_gmt":"2023-11-10T19:21:30","slug":"home","status":"publish","type":"page","link":"https:\/\/specialeimoveis.com.br\/","title":{"rendered":"HOME"},"content":{"rendered":"<section class=\"wpb-content-wrapper\"><p>[vc_row][vc_column][vc_empty_space height=&#8221;40px&#8221;][vc_row_inner][vc_column_inner width=&#8221;1\/4&#8243;][vc_btn title=&#8221;2\u00aa VIA DE BOLETO&#8221; style=&#8221;classic&#8221; shape=&#8221;round&#8221; color=&#8221;peacoc&#8221; align=&#8221;center&#8221; button_block=&#8221;true&#8221; link=&#8221;url:https%3A%2F%2Fatendimentoexpresso-s6.webware.com.br%2Fbin%2Fadministradora%2Fwmacessoexpresso.asp%3Fadm%3D14549610|||&#8221;][\/vc_column_inner][vc_column_inner width=&#8221;1\/4&#8243;][vc_btn title=&#8221;ACESSE SEU CONDOM\u00cdNIO&#8221; style=&#8221;classic&#8221; shape=&#8221;round&#8221; color=&#8221;peacoc&#8221; align=&#8221;center&#8221; button_block=&#8221;true&#8221; link=&#8221;url:http%3A%2F%2Fwebware.com.br%2Fbin%2Fadministradora%2Fdefault.asp%3Fadm%3D14549610||target:%20_blank|&#8221;][\/vc_column_inner][vc_column_inner width=&#8221;1\/4&#8243;][vc_btn title=&#8221;SERVI\u00c7OS&#8221; style=&#8221;classic&#8221; shape=&#8221;round&#8221; color=&#8221;peacoc&#8221; align=&#8221;center&#8221; button_block=&#8221;true&#8221; link=&#8221;url:http%3A%2F%2Fspecialeimoveis.com.br%2Findex.php%2Fservicos%2F|||&#8221;][\/vc_column_inner][vc_column_inner width=&#8221;1\/4&#8243;][vc_btn title=&#8221;FA\u00c7A UMA COTA\u00c7\u00c3O&#8221; style=&#8221;classic&#8221; shape=&#8221;round&#8221; color=&#8221;danger&#8221; align=&#8221;center&#8221; button_block=&#8221;true&#8221; link=&#8221;url:http%3A%2F%2Fspecialeimoveis.com.br%2Findex.php%2Ffaca-uma-cotacao%2F|title:certificadora|target:%20_blank|&#8221;][\/vc_column_inner][\/vc_row_inner][\/vc_column][\/vc_row][vc_row][vc_column][vc_empty_space height=&#8221;60px&#8221;][\/vc_column][\/vc_row][vc_row type=&#8221;vc_default&#8221; equal_height=&#8221;yes&#8221; content_placement=&#8221;top&#8221;][vc_column width=&#8221;2\/3&#8243;][vc_single_image image=&#8221;199&#8243; img_size=&#8221;full&#8221; alignment=&#8221;center&#8221;][vc_column_text]<\/p>\n<h3>Sobre a Speciale<\/h3>\n<p>Speciale Condom\u00ednios, uma empresa idealizada para atender a necessidade do mercado condominial, de forma transparente e com a m\u00e1xima seguran\u00e7a, atrav\u00e9s de uma evolu\u00e7\u00e3o continua de nossos produtos, servi\u00e7os e colaboradores, formou-se uma organiza\u00e7\u00e3o altamente competitiva e comprometida com o desenvolvimento de compet\u00eancias e qualidade, gerando um atendimento personalizado e um sistema de apoio total ao sindico e seus cond\u00f4minos.<\/p>\n<p>A Speciale Condom\u00ednios busca atrav\u00e9s de seus servi\u00e7os, atender \u00e0s necessidades dos clientes. Investindo constantemente na inova\u00e7\u00e3o de produtos e servi\u00e7os que atendam a nossos clientes e colaboradores de maneira a obter sua lealdade e prefer\u00eancia.<\/p>\n<p>Idealizada e gerenciada por profissionais com forma\u00e7\u00e3o em Administra\u00e7\u00e3o de Empresas e Direito, envolvidos com o processo e gera\u00e7\u00e3o de valores em cada etapa do servi\u00e7o. Colaboradores capacitados e treinados que exercem suas responsabilidades, proporcionando um atendimento exclusivo e personalizado aos nossos clientes.<\/p>\n<p>Nossa equipe \u00e9 formada por profissionais competentes, qualificados e treinados contribuindo constantemente para o crescimento e fortalecimento de um atendimento eficiente e consciente.<\/p>\n<p>&nbsp;<\/p>\n<p>SPECIALE SOLU\u00c7\u00d5ES IMOBILIARIAS LTDA<\/p>\n<p><strong>CRECISP:\u00a0<\/strong>30404-J[\/vc_column_text][\/vc_column][vc_column width=&#8221;1\/3&#8243;][vc_column_text]<\/p>\n<h3>NOT\u00cdCIAS DO MERCADO CONDOMINAL<\/h3>\n<p>[\/vc_column_text]<section class=\"items-grid wf-container\"><div class=\"wf-cell wf-1\"><article class=\"post-format-standard\"><div class=\"mini-post-img\"><a class=\"alignleft post-rollover layzr-bg\" href=\"https:\/\/specialeimoveis.com.br\/index.php\/2019\/04\/17\/dicas-para-quem-mora-em-condominio\/\" aria-label=\"Post image\"><img class=\"preload-me lazy-load\" src=\"data:image\/svg+xml,%3Csvg%20xmlns%3D&#39;http%3A%2F%2Fwww.w3.org%2F2000%2Fsvg&#39;%20viewBox%3D&#39;0%200%2070%2070&#39;%2F%3E\" data-src=\"https:\/\/specialeimoveis.com.br\/wp-content\/uploads\/2019\/04\/condominio3-70x70.jpg\" data-srcset=\"https:\/\/specialeimoveis.com.br\/wp-content\/uploads\/2019\/04\/condominio3-70x70.jpg 70w, https:\/\/specialeimoveis.com.br\/wp-content\/uploads\/2019\/04\/condominio3-140x140.jpg 140w\" width=\"70\" height=\"70\"  alt=\"\" \/><\/a><\/div><div class=\"post-content\"><a href=\"https:\/\/specialeimoveis.com.br\/index.php\/2019\/04\/17\/dicas-para-quem-mora-em-condominio\/\">Dicas para quem mora em condom\u00ednio<\/a><br \/><time class=\"text-secondary\" datetime=\"2019-04-17T22:48:51+03:00\">abril 17, 2019<\/time><\/div><\/article><\/div><div class=\"wf-cell wf-1\"><article class=\"post-format-standard\"><div class=\"mini-post-img\"><a class=\"alignleft post-rollover layzr-bg\" href=\"https:\/\/specialeimoveis.com.br\/index.php\/2019\/04\/17\/o-que-e-convencao-de-condominio\/\" aria-label=\"Post image\"><img class=\"preload-me lazy-load\" src=\"data:image\/svg+xml,%3Csvg%20xmlns%3D&#39;http%3A%2F%2Fwww.w3.org%2F2000%2Fsvg&#39;%20viewBox%3D&#39;0%200%2070%2070&#39;%2F%3E\" data-src=\"https:\/\/specialeimoveis.com.br\/wp-content\/uploads\/2019\/02\/SPECIALLE3-70x70.jpg\" data-srcset=\"https:\/\/specialeimoveis.com.br\/wp-content\/uploads\/2019\/02\/SPECIALLE3-70x70.jpg 70w, https:\/\/specialeimoveis.com.br\/wp-content\/uploads\/2019\/02\/SPECIALLE3-140x140.jpg 140w\" width=\"70\" height=\"70\"  alt=\"\" \/><\/a><\/div><div class=\"post-content\"><a href=\"https:\/\/specialeimoveis.com.br\/index.php\/2019\/04\/17\/o-que-e-convencao-de-condominio\/\">O que \u00e9 conven\u00e7\u00e3o de condom\u00ednio?<\/a><br \/><time class=\"text-secondary\" datetime=\"2019-04-17T22:45:56+03:00\">abril 17, 2019<\/time><\/div><\/article><\/div><div class=\"wf-cell wf-1\"><article class=\"post-format-standard\"><div class=\"mini-post-img\"><a class=\"alignleft post-rollover layzr-bg\" href=\"https:\/\/specialeimoveis.com.br\/index.php\/2019\/04\/17\/equipamentos-e-recursos-tecnologicos\/\" aria-label=\"Post image\"><img class=\"preload-me lazy-load\" src=\"data:image\/svg+xml,%3Csvg%20xmlns%3D&#39;http%3A%2F%2Fwww.w3.org%2F2000%2Fsvg&#39;%20viewBox%3D&#39;0%200%2070%2070&#39;%2F%3E\" data-src=\"https:\/\/specialeimoveis.com.br\/wp-content\/uploads\/2019\/04\/CONDOMINIO1-70x70.png\" data-srcset=\"https:\/\/specialeimoveis.com.br\/wp-content\/uploads\/2019\/04\/CONDOMINIO1-70x70.png 70w, https:\/\/specialeimoveis.com.br\/wp-content\/uploads\/2019\/04\/CONDOMINIO1-140x140.png 140w\" width=\"70\" height=\"70\"  alt=\"\" \/><\/a><\/div><div class=\"post-content\"><a href=\"https:\/\/specialeimoveis.com.br\/index.php\/2019\/04\/17\/equipamentos-e-recursos-tecnologicos\/\">Equipamentos e Recursos Tecnol\u00f3gicos<\/a><br \/><time class=\"text-secondary\" datetime=\"2019-04-17T22:41:34+03:00\">abril 17, 2019<\/time><\/div><\/article><\/div><div class=\"wf-cell wf-1\"><article class=\"post-format-standard\"><div class=\"mini-post-img\"><a class=\"alignleft post-rollover layzr-bg\" href=\"https:\/\/specialeimoveis.com.br\/index.php\/2019\/04\/16\/o-crescente-mercado-condominial-no-brasil\/\" aria-label=\"Post image\"><img class=\"preload-me lazy-load\" src=\"data:image\/svg+xml,%3Csvg%20xmlns%3D&#39;http%3A%2F%2Fwww.w3.org%2F2000%2Fsvg&#39;%20viewBox%3D&#39;0%200%2070%2070&#39;%2F%3E\" data-src=\"https:\/\/specialeimoveis.com.br\/wp-content\/uploads\/2019\/04\/condominio7-70x70.jpg\" data-srcset=\"https:\/\/specialeimoveis.com.br\/wp-content\/uploads\/2019\/04\/condominio7-70x70.jpg 70w, https:\/\/specialeimoveis.com.br\/wp-content\/uploads\/2019\/04\/condominio7-140x140.jpg 140w\" width=\"70\" height=\"70\"  alt=\"\" \/><\/a><\/div><div class=\"post-content\"><a href=\"https:\/\/specialeimoveis.com.br\/index.php\/2019\/04\/16\/o-crescente-mercado-condominial-no-brasil\/\">O Crescente Mercado Condominial no Brasil<\/a><br \/><time class=\"text-secondary\" datetime=\"2019-04-16T22:55:19+03:00\">abril 16, 2019<\/time><\/div><\/article><\/div><div class=\"wf-cell wf-1\"><article class=\"post-format-standard\"><div class=\"mini-post-img\"><a class=\"alignleft post-rollover layzr-bg\" href=\"https:\/\/specialeimoveis.com.br\/index.php\/2019\/04\/15\/manutencoes-para-condominio\/\" aria-label=\"Post image\"><img class=\"preload-me lazy-load\" src=\"data:image\/svg+xml,%3Csvg%20xmlns%3D&#39;http%3A%2F%2Fwww.w3.org%2F2000%2Fsvg&#39;%20viewBox%3D&#39;0%200%2070%2070&#39;%2F%3E\" data-src=\"https:\/\/specialeimoveis.com.br\/wp-content\/uploads\/2019\/04\/condominio5-70x70.jpg\" data-srcset=\"https:\/\/specialeimoveis.com.br\/wp-content\/uploads\/2019\/04\/condominio5-70x70.jpg 70w, https:\/\/specialeimoveis.com.br\/wp-content\/uploads\/2019\/04\/condominio5-140x140.jpg 140w\" width=\"70\" height=\"70\"  alt=\"\" \/><\/a><\/div><div class=\"post-content\"><a href=\"https:\/\/specialeimoveis.com.br\/index.php\/2019\/04\/15\/manutencoes-para-condominio\/\">Manuten\u00e7\u00f5es para Condom\u00ednio<\/a><br \/><time class=\"text-secondary\" datetime=\"2019-04-15T22:52:37+03:00\">abril 15, 2019<\/time><\/div><\/article><\/div><div class=\"wf-cell wf-1\"><article class=\"post-format-standard\"><div class=\"mini-post-img\"><a class=\"alignleft post-rollover layzr-bg\" href=\"https:\/\/specialeimoveis.com.br\/index.php\/2019\/04\/14\/portaria-de-um-condominio\/\" aria-label=\"Post image\"><img class=\"preload-me lazy-load\" src=\"data:image\/svg+xml,%3Csvg%20xmlns%3D&#39;http%3A%2F%2Fwww.w3.org%2F2000%2Fsvg&#39;%20viewBox%3D&#39;0%200%2070%2070&#39;%2F%3E\" data-src=\"https:\/\/specialeimoveis.com.br\/wp-content\/uploads\/2019\/04\/condominio2-70x70.jpg\" data-srcset=\"https:\/\/specialeimoveis.com.br\/wp-content\/uploads\/2019\/04\/condominio2-70x70.jpg 70w, https:\/\/specialeimoveis.com.br\/wp-content\/uploads\/2019\/04\/condominio2-140x140.jpg 140w\" width=\"70\" height=\"70\"  alt=\"\" \/><\/a><\/div><div class=\"post-content\"><a href=\"https:\/\/specialeimoveis.com.br\/index.php\/2019\/04\/14\/portaria-de-um-condominio\/\">Portaria de um condom\u00ednio<\/a><br \/><time class=\"text-secondary\" datetime=\"2019-04-14T22:47:16+03:00\">abril 14, 2019<\/time><\/div><\/article><\/div><\/section>[vc_column_text]<\/p>\n<p><iframe loading=\"lazy\" src=\"http:\/\/www.specialeimoveis.com.br\/speciale02.htm\" width=\"100%\" height=\"10\" frameborder=\"0\" marginwidth=\"10\" marginheight=\"10\" scrolling=\"yes\"><br \/>\n<\/iframe><\/p>\n<p>[\/vc_column_text][vc_empty_space height=&#8221;10PX&#8221;][\/vc_column][\/vc_row][vc_row type=&#8221;1&#8243; margin_bottom=&#8221;-70&#8243;][vc_column][vc_empty_space height=&#8221;60px&#8221;][vc_row_inner][vc_column_inner width=&#8221;1\/3&#8243;][vc_single_image image=&#8221;180&#8243; img_size=&#8221;full&#8221; alignment=&#8221;center&#8221;][vc_column_text]<\/p>\n<h3>Gest\u00e3o financeira<\/h3>\n<p>Toda movimenta\u00e7\u00e3o financeira do Condom\u00ednio \u00e9 detalhada em forma de Demonstrativo de Presta\u00e7\u00e3o de Contas, visando \u00e0 facilidade de entendimento, \u00e0 transpar\u00eancia e \u00e0 integridade das informa\u00e7\u00f5es. [\/vc_column_text][vc_btn title=&#8221;Ver Mais&#8221; shape=&#8221;round&#8221; color=&#8221;peacoc&#8221; size=&#8221;sm&#8221; align=&#8221;left&#8221; link=&#8221;url:http%3A%2F%2Fspecialeimoveis.com.br%2Findex.php%2Fservicos%2F|||&#8221;][\/vc_column_inner][vc_column_inner width=&#8221;1\/3&#8243;][vc_single_image image=&#8221;181&#8243; img_size=&#8221;full&#8221; alignment=&#8221;center&#8221;][vc_column_text]<\/p>\n<h3>Gest\u00e3o jur\u00eddica<\/h3>\n<p>Jur\u00eddico pr\u00f3prio, atuando de forma continua e integrada, utilizando-se de ferramentas legais para Administra\u00e7\u00e3o do Condominio.[\/vc_column_text][vc_empty_space height=&#8221;12px&#8221;][vc_btn title=&#8221;Ver Mais&#8221; shape=&#8221;round&#8221; color=&#8221;peacoc&#8221; size=&#8221;sm&#8221; align=&#8221;left&#8221; link=&#8221;url:http%3A%2F%2Fspecialeimoveis.com.br%2Findex.php%2Fservicos%2F|||&#8221;][\/vc_column_inner][vc_column_inner width=&#8221;1\/3&#8243;][vc_single_image image=&#8221;182&#8243; img_size=&#8221;full&#8221; alignment=&#8221;center&#8221;][vc_column_text]<\/p>\n<h3>Gest\u00e3o Pessoal<\/h3>\n<p>Atendemos toda a rotina trabalhista, respeitando a legisla\u00e7\u00e3o vigente sempre atualizada e rigorosamente seguida junto com todas as precau\u00e7\u00f5es necess\u00e1rias.[\/vc_column_text][vc_empty_space height=&#8221;12px&#8221;][vc_btn title=&#8221;Ver Mais&#8221; shape=&#8221;round&#8221; color=&#8221;peacoc&#8221; size=&#8221;sm&#8221; align=&#8221;left&#8221; link=&#8221;url:http%3A%2F%2Fspecialeimoveis.com.br%2Findex.php%2Fservicos%2F|||&#8221;][\/vc_column_inner][\/vc_row_inner][vc_empty_space height=&#8221;60px&#8221;][\/vc_column][\/vc_row]<\/p>\n<\/section>","protected":false},"excerpt":{"rendered":"<p>[vc_row][vc_column][vc_empty_space height=&#8221;40px&#8221;][vc_row_inner][vc_column_inner width=&#8221;1\/4&#8243;][vc_btn title=&#8221;2\u00aa VIA DE BOLETO&#8221; style=&#8221;classic&#8221; shape=&#8221;round&#8221; color=&#8221;peacoc&#8221; align=&#8221;center&#8221; button_block=&#8221;true&#8221; link=&#8221;url:https%3A%2F%2Fatendimentoexpresso-s6.webware.com.br%2Fbin%2Fadministradora%2Fwmacessoexpresso.asp%3Fadm%3D14549610|||&#8221;][\/vc_column_inner][vc_column_inner width=&#8221;1\/4&#8243;][vc_btn title=&#8221;ACESSE SEU CONDOM\u00cdNIO&#8221; style=&#8221;classic&#8221; shape=&#8221;round&#8221; color=&#8221;peacoc&#8221; align=&#8221;center&#8221; button_block=&#8221;true&#8221; link=&#8221;url:http%3A%2F%2Fwebware.com.br%2Fbin%2Fadministradora%2Fdefault.asp%3Fadm%3D14549610||target:%20_blank|&#8221;][\/vc_column_inner][vc_column_inner width=&#8221;1\/4&#8243;][vc_btn title=&#8221;SERVI\u00c7OS&#8221; style=&#8221;classic&#8221; shape=&#8221;round&#8221; color=&#8221;peacoc&#8221; align=&#8221;center&#8221; button_block=&#8221;true&#8221; link=&#8221;url:http%3A%2F%2Fspecialeimoveis.com.br%2Findex.php%2Fservicos%2F|||&#8221;][\/vc_column_inner][vc_column_inner width=&#8221;1\/4&#8243;][vc_btn title=&#8221;FA\u00c7A UMA COTA\u00c7\u00c3O&#8221; style=&#8221;classic&#8221; shape=&#8221;round&#8221; color=&#8221;danger&#8221; align=&#8221;center&#8221; button_block=&#8221;true&#8221; link=&#8221;url:http%3A%2F%2Fspecialeimoveis.com.br%2Findex.php%2Ffaca-uma-cotacao%2F|title:certificadora|target:%20_blank|&#8221;][\/vc_column_inner][\/vc_row_inner][\/vc_column][\/vc_row][vc_row][vc_column][vc_empty_space height=&#8221;60px&#8221;][\/vc_column][\/vc_row][vc_row type=&#8221;vc_default&#8221; equal_height=&#8221;yes&#8221; content_placement=&#8221;top&#8221;][vc_column width=&#8221;2\/3&#8243;][vc_single_image image=&#8221;199&#8243; img_size=&#8221;full&#8221; alignment=&#8221;center&#8221;][vc_column_text] Sobre a Speciale Speciale Condom\u00ednios, uma&hellip;<\/p>\n","protected":false},"author":2,"featured_media":0,"parent":0,"menu_order":0,"comment_status":"closed","ping_status":"closed","template":"template-microsite.php","meta":[],"_links":{"self":[{"href":"https:\/\/specialeimoveis.com.br\/index.php\/wp-json\/wp\/v2\/pages\/9"}],"collection":[{"href":"https:\/\/specialeimoveis.com.br\/index.php\/wp-json\/wp\/v2\/pages"}],"about":[{"href":"https:\/\/specialeimoveis.com.br\/index.php\/wp-json\/wp\/v2\/types\/page"}],"author":[{"embeddable":true,"href":"https:\/\/specialeimoveis.com.br\/index.php\/wp-json\/wp\/v2\/users\/2"}],"replies":[{"embeddable":true,"href":"https:\/\/specialeimoveis.com.br\/index.php\/wp-json\/wp\/v2\/comments?post=9"}],"version-history":[{"count":104,"href":"https:\/\/specialeimoveis.com.br\/index.php\/wp-json\/wp\/v2\/pages\/9\/revisions"}],"predecessor-version":[{"id":60289,"href":"https:\/\/specialeimoveis.com.br\/index.php\/wp-json\/wp\/v2\/pages\/9\/revisions\/60289"}],"wp:attachment":[{"href":"https:\/\/specialeimoveis.com.br\/index.php\/wp-json\/wp\/v2\/media?parent=9"}],"curies":[{"name":"wp","href":"https:\/\/api.w.org\/{rel}","templated":true}]}}