{"id":73,"date":"2019-02-18T14:13:22","date_gmt":"2019-02-18T14:13:22","guid":{"rendered":"http:\/\/new.specialeimoveis.com.br\/?page_id=73"},"modified":"2022-03-23T18:16:34","modified_gmt":"2022-03-23T15:16:34","slug":"cadastre-se","status":"publish","type":"page","link":"https:\/\/specialeimoveis.com.br\/index.php\/cadastre-se\/","title":{"rendered":"CADASTRE-SE"},"content":{"rendered":"<section class=\"wpb-content-wrapper\"><p>[vc_row][vc_column][vc_row_inner][vc_column_inner width=&#8221;1\/2&#8243;][vc_column_text]<\/p>\n<h4>Ferramentas<\/h4>\n<p>Disponibilizamos uma ferramenta para facilitar o atendimento de suas necessidades.<\/p>\n<p>Alguns Servi\u00e7os e Informa\u00e7\u00f5es que voc\u00ea pode obter:<br \/>\n&#8211; Emiss\u00e3o de Boleto Eletr\u00f4nico (ex.: 2\u00aa via);<br \/>\n&#8211; Modelo de Procura\u00e7\u00e3o;<br \/>\n&#8211; Solicita\u00e7\u00e3o de Termo de Quita\u00e7\u00e3o;<br \/>\n&#8211; Presta\u00e7\u00e3o de Contas entre outros servi\u00e7os.[\/vc_column_text][\/vc_column_inner][vc_column_inner width=&#8221;1\/2&#8243;][vc_column_text]<\/p>\n<h4>Acesso<\/h4>\n<p>Para ter acesso a ferramenta \u00e9 muito simples, basta preencher o cadastro clicando no bot\u00e3o abaixo:<\/p>\n<p>[\/vc_column_text][vc_empty_space height=&#8221;20px&#8221;]<div class=\" ubtn-ctn-center \"><a class=\"ubtn-link ult-adjust-bottom-margin ubtn-center ubtn-block \" href=\"http:\/\/webware.com.br\/bin\/administradora\/cadastro.asp?adm=14549610\" target=\"_blank\" rel=\"noopener\" ><button type=\"button\" id=\"ubtn-4391\"  class=\"ubtn ult-adjust-bottom-margin ult-responsive ubtn-block ubtn-no-hover-bg  none  ubtn-center   tooltip-69edfa872d67e ubtn-block\"  data-hover=\"\" data-border-color=\"\" data-bg=\"#6d0024\" data-hover-bg=\"\" data-border-hover=\"\" data-shadow-hover=\"\" data-shadow-click=\"none\" data-shadow=\"\" data-shd-shadow=\"\"  data-ultimate-target='#ubtn-4391'  data-responsive-json-new='{\"font-size\":\"desktop:15px;\",\"line-height\":\"desktop:20px;\"}'  style=\"font-weight:normal;border:none;background: #6d0024;color: #ffffff;\"><span class=\"ubtn-hover\" style=\"background-color:\"><\/span><span class=\"ubtn-data ubtn-text \" >Cadastre-se aqui para ter acesso ao recursos!<\/span><\/button><\/a><\/div>[\/vc_column_inner][\/vc_row_inner][\/vc_column][\/vc_row][vc_row][vc_column][vc_column_text]<\/p>\n<p>[\/vc_column_text][\/vc_column][\/vc_row]<\/p>\n<\/section>","protected":false},"excerpt":{"rendered":"<p>[vc_row][vc_column][vc_row_inner][vc_column_inner width=&#8221;1\/2&#8243;][vc_column_text] Ferramentas Disponibilizamos uma ferramenta para facilitar o atendimento de suas necessidades. Alguns Servi\u00e7os e Informa\u00e7\u00f5es que voc\u00ea pode obter: &#8211; Emiss\u00e3o de Boleto Eletr\u00f4nico (ex.: 2\u00aa via); &#8211; Modelo de Procura\u00e7\u00e3o; &#8211; Solicita\u00e7\u00e3o de Termo de Quita\u00e7\u00e3o; &#8211; Presta\u00e7\u00e3o de Contas entre outros servi\u00e7os.[\/vc_column_text][\/vc_column_inner][vc_column_inner width=&#8221;1\/2&#8243;][vc_column_text] Acesso Para ter acesso a ferramenta \u00e9 muito&hellip;<\/p>\n","protected":false},"author":2,"featured_media":0,"parent":0,"menu_order":0,"comment_status":"closed","ping_status":"closed","template":"","meta":[],"_links":{"self":[{"href":"https:\/\/specialeimoveis.com.br\/index.php\/wp-json\/wp\/v2\/pages\/73"}],"collection":[{"href":"https:\/\/specialeimoveis.com.br\/index.php\/wp-json\/wp\/v2\/pages"}],"about":[{"href":"https:\/\/specialeimoveis.com.br\/index.php\/wp-json\/wp\/v2\/types\/page"}],"author":[{"embeddable":true,"href":"https:\/\/specialeimoveis.com.br\/index.php\/wp-json\/wp\/v2\/users\/2"}],"replies":[{"embeddable":true,"href":"https:\/\/specialeimoveis.com.br\/index.php\/wp-json\/wp\/v2\/comments?post=73"}],"version-history":[{"count":5,"href":"https:\/\/specialeimoveis.com.br\/index.php\/wp-json\/wp\/v2\/pages\/73\/revisions"}],"predecessor-version":[{"id":201,"href":"https:\/\/specialeimoveis.com.br\/index.php\/wp-json\/wp\/v2\/pages\/73\/revisions\/201"}],"wp:attachment":[{"href":"https:\/\/specialeimoveis.com.br\/index.php\/wp-json\/wp\/v2\/media?parent=73"}],"curies":[{"name":"wp","href":"https:\/\/api.w.org\/{rel}","templated":true}]}}