{"id":2950,"date":"2019-08-13T22:23:08","date_gmt":"2019-08-13T19:23:08","guid":{"rendered":"http:\/\/specialeimoveis.com.br\/?page_id=2950"},"modified":"2022-03-23T18:17:20","modified_gmt":"2022-03-23T15:17:20","slug":"faca-uma-cotacao","status":"publish","type":"page","link":"https:\/\/specialeimoveis.com.br\/index.php\/faca-uma-cotacao\/","title":{"rendered":"FA\u00c7A UMA COTA\u00c7\u00c3O"},"content":{"rendered":"<section class=\"wpb-content-wrapper\"><p>[vc_row type=&#8221;vc_default&#8221; full_height=&#8221;yes&#8221; content_placement=&#8221;top&#8221; bg_type=&#8221;image&#8221; bg_override=&#8221;full&#8221; css=&#8221;.vc_custom_1565725869079{margin-top: -58px !important;margin-bottom: -60px !important;background-image: url(http:\/\/specialeimoveis.com.br\/wp-content\/uploads\/2019\/08\/tela-specialle.jpg?id=2958) !important;}&#8221;][vc_column][vc_empty_space height=&#8221;50px&#8221;][vc_column_text]<\/p>\n<h2><span style=\"color: #ffffff;\">Cota\u00e7\u00e3o Online<\/span><\/h2>\n<p><span style=\"color: #ffffff;\"><strong>Solicite uma proposta e teremos o prazer de apresentar o nosso trabalho.<br \/>\nSpeciale &#8211; Entender para atender o seu Condom\u00ednio.<\/strong><\/span>[\/vc_column_text]\n<div class=\"wpcf7 no-js\" id=\"wpcf7-f2952-o1\" lang=\"pt-BR\" dir=\"ltr\">\n<div class=\"screen-reader-response\"><p role=\"status\" aria-live=\"polite\" aria-atomic=\"true\"><\/p> <ul><\/ul><\/div>\n<form action=\"\/index.php\/wp-json\/wp\/v2\/pages\/2950#wpcf7-f2952-o1\" method=\"post\" class=\"wpcf7-form init\" aria-label=\"Formul\u00e1rios de contato\" novalidate=\"novalidate\" data-status=\"init\">\n<div style=\"display: none;\">\n<input type=\"hidden\" name=\"_wpcf7\" value=\"2952\" \/>\n<input type=\"hidden\" name=\"_wpcf7_version\" value=\"5.7.7\" \/>\n<input type=\"hidden\" name=\"_wpcf7_locale\" value=\"pt_BR\" \/>\n<input type=\"hidden\" name=\"_wpcf7_unit_tag\" value=\"wpcf7-f2952-o1\" \/>\n<input type=\"hidden\" name=\"_wpcf7_container_post\" value=\"0\" \/>\n<input type=\"hidden\" name=\"_wpcf7_posted_data_hash\" value=\"\" \/>\n<\/div>\n<table border=\"0\" cellpadding=\"0\" cellspacing=\"0\" width=\"100%\">\n\t<tr>\n\t\t<td valign=\"top\" style=\"border: 0px solid #; padding-left: 4px; padding-right: 4px; padding-top: 1px; padding-bottom: 1px\">\n\t\t\t<p>&nbsp;<span class=\"wpcf7-form-control-wrap\" data-name=\"Nome\"><input size=\"40\" class=\"wpcf7-form-control wpcf7-text wpcf7-validates-as-required\" aria-required=\"true\" aria-invalid=\"false\" placeholder=\"Nome\" value=\"\" type=\"text\" name=\"Nome\" \/><\/span>\n\t\t\t<\/p>\n\t\t\t<p><span class=\"wpcf7-form-control-wrap\" data-name=\"Email\"><input size=\"40\" class=\"wpcf7-form-control wpcf7-text wpcf7-validates-as-required\" aria-required=\"true\" aria-invalid=\"false\" placeholder=\"Email\" value=\"\" type=\"text\" name=\"Email\" \/><\/span>\n\t\t\t<\/p>\n\t\t\t<p>Condom\u00ednio: <span class=\"wpcf7-form-control-wrap\" data-name=\"Condomnio:\"><span class=\"wpcf7-form-control wpcf7-radio\"><span class=\"wpcf7-list-item first\"><input type=\"radio\" name=\"Condomnio:\" value=\"Residencial\" checked=\"checked\" \/><span class=\"wpcf7-list-item-label\">Residencial<\/span><\/span><span class=\"wpcf7-list-item\"><input type=\"radio\" name=\"Condomnio:\" value=\"Comercial\" \/><span class=\"wpcf7-list-item-label\">Comercial<\/span><\/span><span class=\"wpcf7-list-item last\"><input type=\"radio\" name=\"Condomnio:\" value=\"Associa\u00e7\u00e3o\" \/><span class=\"wpcf7-list-item-label\">Associa\u00e7\u00e3o<\/span><\/span><\/span><\/span>\n\t\t\t<\/p>\n\t\t\t<p>Voc\u00ea \u00e9: <span class=\"wpcf7-form-control-wrap\" data-name=\"Voc\"><span class=\"wpcf7-form-control wpcf7-radio\"><span class=\"wpcf7-list-item first\"><span class=\"wpcf7-list-item-label\">S\u00edndico<\/span><input type=\"radio\" name=\"Voc\" value=\"S\u00edndico\" checked=\"checked\" \/><\/span><span class=\"wpcf7-list-item last\"><span class=\"wpcf7-list-item-label\">Cond\u00f4mino<\/span><input type=\"radio\" name=\"Voc\" value=\"Cond\u00f4mino\" \/><\/span><\/span><\/span>\n\t\t\t<\/p>\n\t\t<\/td>\n\t\t<td valign=\"top\" style=\"border: 0px solid #; padding-left: 4px; padding-right: 4px; padding-top: 1px; padding-bottom: 1px\">\n\t\t\t<p>&nbsp;<span class=\"wpcf7-form-control-wrap\" data-name=\"Telefone\"><input size=\"40\" class=\"wpcf7-form-control wpcf7-text wpcf7-validates-as-required\" aria-required=\"true\" aria-invalid=\"false\" placeholder=\"Telefone\" value=\"\" type=\"text\" name=\"Telefone\" \/><\/span>\n\t\t\t<\/p>\n\t\t\t<p><span class=\"wpcf7-form-control-wrap\" data-name=\"Endereco\"><input size=\"40\" class=\"wpcf7-form-control wpcf7-text wpcf7-validates-as-required\" aria-required=\"true\" aria-invalid=\"false\" placeholder=\"Endere\u00e7o\" value=\"\" type=\"text\" name=\"Endereco\" \/><\/span>\n\t\t\t<\/p>\n\t\t\t<p><span class=\"wpcf7-form-control-wrap\" data-name=\"Nome_condominio\"><input size=\"40\" class=\"wpcf7-form-control wpcf7-text wpcf7-validates-as-required\" aria-required=\"true\" aria-invalid=\"false\" placeholder=\"Nome do Condom\u00ednio\" value=\"\" type=\"text\" name=\"Nome_condominio\" \/><\/span>\n\t\t\t<\/p>\n\t\t\t<p><span class=\"wpcf7-form-control-wrap\" data-name=\"Observacoes\"><input size=\"40\" class=\"wpcf7-form-control wpcf7-text\" aria-invalid=\"false\" placeholder=\"Observa\u00e7\u00f5es\" value=\"\" type=\"text\" name=\"Observacoes\" \/><\/span>\n\t\t\t<\/p>\n\t\t\t<p><input class=\"wpcf7-form-control has-spinner wpcf7-submit\" type=\"submit\" value=\"Solicitar proposta\" \/>\n\t\t\t<\/p>\n\t\t<\/td>\n\t<\/tr>\n<\/table><div class=\"wpcf7-response-output\" aria-hidden=\"true\"><\/div>\n<\/form>\n<\/div>\n[vc_empty_space height=&#8221;70px&#8221;][\/vc_column][\/vc_row]<\/p>\n<\/section>","protected":false},"excerpt":{"rendered":"<p>[vc_row type=&#8221;vc_default&#8221; full_height=&#8221;yes&#8221; content_placement=&#8221;top&#8221; bg_type=&#8221;image&#8221; bg_override=&#8221;full&#8221; css=&#8221;.vc_custom_1565725869079{margin-top: -58px !important;margin-bottom: -60px !important;background-image: url(http:\/\/specialeimoveis.com.br\/wp-content\/uploads\/2019\/08\/tela-specialle.jpg?id=2958) !important;}&#8221;][vc_column][vc_empty_space height=&#8221;50px&#8221;][vc_column_text] Cota\u00e7\u00e3o Online Solicite uma proposta e teremos o prazer de apresentar o nosso trabalho. Speciale &#8211; Entender para atender o seu Condom\u00ednio.[\/vc_column_text][vc_empty_space height=&#8221;70px&#8221;][\/vc_column][\/vc_row]<\/p>\n","protected":false},"author":2,"featured_media":0,"parent":0,"menu_order":0,"comment_status":"closed","ping_status":"closed","template":"template-microsite.php","meta":[],"_links":{"self":[{"href":"https:\/\/specialeimoveis.com.br\/index.php\/wp-json\/wp\/v2\/pages\/2950"}],"collection":[{"href":"https:\/\/specialeimoveis.com.br\/index.php\/wp-json\/wp\/v2\/pages"}],"about":[{"href":"https:\/\/specialeimoveis.com.br\/index.php\/wp-json\/wp\/v2\/types\/page"}],"author":[{"embeddable":true,"href":"https:\/\/specialeimoveis.com.br\/index.php\/wp-json\/wp\/v2\/users\/2"}],"replies":[{"embeddable":true,"href":"https:\/\/specialeimoveis.com.br\/index.php\/wp-json\/wp\/v2\/comments?post=2950"}],"version-history":[{"count":13,"href":"https:\/\/specialeimoveis.com.br\/index.php\/wp-json\/wp\/v2\/pages\/2950\/revisions"}],"predecessor-version":[{"id":3165,"href":"https:\/\/specialeimoveis.com.br\/index.php\/wp-json\/wp\/v2\/pages\/2950\/revisions\/3165"}],"wp:attachment":[{"href":"https:\/\/specialeimoveis.com.br\/index.php\/wp-json\/wp\/v2\/media?parent=2950"}],"curies":[{"name":"wp","href":"https:\/\/api.w.org\/{rel}","templated":true}]}}