{"id":20,"date":"2019-02-11T13:43:48","date_gmt":"2019-02-11T13:43:48","guid":{"rendered":"http:\/\/new.specialeimoveis.com.br\/?page_id=20"},"modified":"2022-03-23T18:18:23","modified_gmt":"2022-03-23T15:18:23","slug":"servicos","status":"publish","type":"page","link":"https:\/\/specialeimoveis.com.br\/index.php\/servicos\/","title":{"rendered":"SERVI\u00c7OS"},"content":{"rendered":"<section class=\"wpb-content-wrapper\"><p>[vc_row][vc_column][vc_row_inner][vc_column_inner]<div class=\" ubtn-ctn-center \"><a class=\"ubtn-link ult-adjust-bottom-margin ubtn-center ubtn-custom \" href=\"http:\/\/specialeimoveis.com.br\/index.php\/solicite-uma-proposta\/\" ><button type=\"button\" id=\"ubtn-3833\"  class=\"ubtn ult-adjust-bottom-margin ult-responsive ubtn-custom ubtn-no-hover-bg  none  ubtn-shd  ubtn-center  shd-bottom tooltip-69d76a61a1cf3\"  data-hover=\"\" data-border-color=\"\" data-bg=\"#9e302b\" data-hover-bg=\"\" data-border-hover=\"\" data-shadow-hover=\"0 5px #c9c9c9;\" data-shadow-click=\"none\" data-shadow=\"0 5px #c9c9c9;\" data-shd-shadow=\"5\"  data-ultimate-target='#ubtn-3833'  data-responsive-json-new='{\"font-size\":\"desktop:20px;\",\"line-height\":\"desktop:25px;\"}'  style=\"font-weight:normal;width:1250px;min-height:60px;padding:px px;border:none;box-shadow: 0 5px #c9c9c9;background: #9e302b;color: #ffffff;\"><span class=\"ubtn-hover\" style=\"background-color:\"><\/span><span class=\"ubtn-data ubtn-text \" >Clique aqui, entre em contato com nossos representantes e solicite uma Proposta!<\/span><\/button><\/a><\/div>[\/vc_column_inner][\/vc_row_inner][\/vc_column][\/vc_row][vc_row][vc_column][vc_empty_space][\/vc_column][\/vc_row][vc_row][vc_column][vc_row_inner][vc_column_inner width=&#8221;1\/2&#8243;][vc_column_text]<\/p>\n<h4>Nossos servi\u00e7os<\/h4>\n<p>Respeitamos as caracter\u00edsticas e concep\u00e7\u00e3o de cada empreendimento, prestando um atendimento diferenciando para cada tipo de condom\u00ednio, oferecendo um conjunto de solu\u00e7\u00f5es para atender todas as necessidades nas \u00e1reas financeiras, fiscais, trabalhistas, legal, operacional e relacionamento possibilitando uma administra\u00e7\u00e3o completa e estruturada ao cliente.[\/vc_column_text][vc_column_text]<\/p>\n<h4>Gest\u00e3o financeira<\/h4>\n<p>Toda movimenta\u00e7\u00e3o financeira do Condom\u00ednio \u00e9 detalhada em forma de Demonstrativo de Presta\u00e7\u00e3o de Contas, visando \u00e0 facilidade de entendimento, \u00e0 transpar\u00eancia e \u00e0 integridade das informa\u00e7\u00f5es. Seguindo os padr\u00f5es legais espec\u00edficos para Condom\u00ednios.<\/p>\n<ul>\n<li>Contas correntes individuais para cada condom\u00ednio;<\/li>\n<li>Elabora\u00e7\u00e3o e acompanhamento da Previs\u00e3o Or\u00e7ament\u00e1ria;<\/li>\n<li>Emiss\u00e3o e distribui\u00e7\u00e3o dos recibos;<\/li>\n<li>Administra\u00e7\u00e3o do Contas a Pagar;<\/li>\n<li>Acompanhamento do or\u00e7ado e realizado;<\/li>\n<li>Elabora\u00e7\u00e3o dos relat\u00f3rios de controle financeiros gerenciais;<\/li>\n<li>Presta\u00e7\u00e3o mensal de contas;<\/li>\n<li>Todos comprovantes originais das movimenta\u00e7\u00f5es do condom\u00ednio s\u00e3o enviados ao s\u00edndico para conferencia e aprova\u00e7\u00e3o;<\/li>\n<li>Demonstra\u00e7\u00e3o de saldo separado por conta;<\/li>\n<li>Demonstra\u00e7\u00e3o de devedores por unidade;<\/li>\n<li>Agenda previamente estabelecida dos dias semanais de retirada e entrega de documentos;<\/li>\n<\/ul>\n<p>[\/vc_column_text][\/vc_column_inner][vc_column_inner width=&#8221;1\/2&#8243;][vc_column_text]<\/p>\n<h4>Gest\u00e3o jur\u00eddica<\/h4>\n<p>Jur\u00eddico pr\u00f3prio, atuando de forma continua e integrada, utilizando-se de ferramentas legais para Administra\u00e7\u00e3o do Condominio.<\/p>\n<ul>\n<li>Assist\u00eancia permanente em todos os assuntos relativos a condom\u00ednio;<\/li>\n<li>Informa\u00e7\u00f5es di\u00e1rias;<\/li>\n<li>Sistema atuante e permanente de cobran\u00e7a;<\/li>\n<li>Cobran\u00e7a personalizada;<\/li>\n<li>Hist\u00f3rico de pagamento de todas as unidades;<\/li>\n<li>Cria\u00e7\u00e3o e gerenciamento de acordos amig\u00e1veis;<\/li>\n<li>Agilidade na documenta\u00e7\u00e3o para encaminhamento jur\u00eddico;<\/li>\n<li>Advert\u00eancias e multas utilizadas como base no Regulamento Interno e Conven\u00e7\u00e3o do Condom\u00ednio;<\/li>\n<\/ul>\n<p>[\/vc_column_text][vc_column_text]<\/p>\n<h4>Gest\u00e3o Pessoal<\/h4>\n<p>Atendemos toda a rotina trabalhista, respeitando a legisla\u00e7\u00e3o vigente sempre atualizada e rigorosamente seguida junto com todas as precau\u00e7\u00f5es necess\u00e1rias.<\/p>\n<ul>\n<li>Registro de admiss\u00e3o e demiss\u00e3o de funcion\u00e1rios;<\/li>\n<li>Atualiza\u00e7\u00e3o das carteiras de trabalho;<\/li>\n<li>Elabora\u00e7\u00e3o mensal da Folha de Pagamento e guias dos Encargos Sociais (GPS,<\/li>\n<li>FGTS, PIS, Contribui\u00e7\u00f5es Sindicais, Assist\u00eancias.);<\/li>\n<li>Calculo de 13\u00ba sal\u00e1rio, f\u00e9rias e encargos trabalhistas;<\/li>\n<li>Envio de relat\u00f3rios e declara\u00e7\u00f5es acess\u00f3rias pertinentes, dentre elas: RAIS, DIRF, DCTF, GFIP. Bem como comunica\u00e7\u00f5es de admiss\u00e3o e demiss\u00f5es ao<\/li>\n<li>Minist\u00e9rio do Trabalho;<\/li>\n<li>Elabora\u00e7\u00e3o e confer\u00eancia da folha de ponto;<\/li>\n<li>An\u00e1lise e estudo para redu\u00e7\u00e3o de horas extras;<\/li>\n<\/ul>\n<p>[\/vc_column_text][\/vc_column_inner][\/vc_row_inner][vc_row_inner][vc_column_inner][vc_column_text]<\/p>\n<h2 style=\"text-align: center;\">Estamos preparados e capacitados para o E-social!<\/h2>\n<p>[\/vc_column_text][\/vc_column_inner][\/vc_row_inner][\/vc_column][\/vc_row]<\/p>\n<\/section>","protected":false},"excerpt":{"rendered":"<p>[vc_row][vc_column][vc_row_inner][vc_column_inner][\/vc_column_inner][\/vc_row_inner][\/vc_column][\/vc_row][vc_row][vc_column][vc_empty_space][\/vc_column][\/vc_row][vc_row][vc_column][vc_row_inner][vc_column_inner width=&#8221;1\/2&#8243;][vc_column_text] Nossos servi\u00e7os Respeitamos as caracter\u00edsticas e concep\u00e7\u00e3o de cada empreendimento, prestando um atendimento diferenciando para cada tipo de condom\u00ednio, oferecendo um conjunto de solu\u00e7\u00f5es para atender todas as necessidades nas \u00e1reas financeiras, fiscais, trabalhistas, legal, operacional e relacionamento possibilitando uma administra\u00e7\u00e3o completa e estruturada ao cliente.[\/vc_column_text][vc_column_text] Gest\u00e3o financeira Toda movimenta\u00e7\u00e3o financeira do Condom\u00ednio&hellip;<\/p>\n","protected":false},"author":2,"featured_media":0,"parent":0,"menu_order":0,"comment_status":"closed","ping_status":"closed","template":"template-microsite.php","meta":[],"_links":{"self":[{"href":"https:\/\/specialeimoveis.com.br\/index.php\/wp-json\/wp\/v2\/pages\/20"}],"collection":[{"href":"https:\/\/specialeimoveis.com.br\/index.php\/wp-json\/wp\/v2\/pages"}],"about":[{"href":"https:\/\/specialeimoveis.com.br\/index.php\/wp-json\/wp\/v2\/types\/page"}],"author":[{"embeddable":true,"href":"https:\/\/specialeimoveis.com.br\/index.php\/wp-json\/wp\/v2\/users\/2"}],"replies":[{"embeddable":true,"href":"https:\/\/specialeimoveis.com.br\/index.php\/wp-json\/wp\/v2\/comments?post=20"}],"version-history":[{"count":14,"href":"https:\/\/specialeimoveis.com.br\/index.php\/wp-json\/wp\/v2\/pages\/20\/revisions"}],"predecessor-version":[{"id":212,"href":"https:\/\/specialeimoveis.com.br\/index.php\/wp-json\/wp\/v2\/pages\/20\/revisions\/212"}],"wp:attachment":[{"href":"https:\/\/specialeimoveis.com.br\/index.php\/wp-json\/wp\/v2\/media?parent=20"}],"curies":[{"name":"wp","href":"https:\/\/api.w.org\/{rel}","templated":true}]}}